{"id":48,"date":"2025-01-24T05:23:45","date_gmt":"2025-01-24T05:23:45","guid":{"rendered":"https:\/\/bitgraphica.com\/staging\/?page_id=48"},"modified":"2025-03-15T03:54:13","modified_gmt":"2025-03-15T03:54:13","slug":"productos","status":"publish","type":"page","link":"https:\/\/bitgraphica.com\/index.php\/productos\/","title":{"rendered":"Productos"},"content":{"rendered":"\t\t<div data-elementor-type=\"wp-page\" data-elementor-id=\"48\" class=\"elementor elementor-48\">\n\t\t\t\t<div class=\"elementor-element elementor-element-4592bd4 e-flex e-con-boxed e-con e-parent\" data-id=\"4592bd4\" data-element_type=\"container\" data-settings=\"{&quot;background_background&quot;:&quot;classic&quot;}\">\n\t\t\t\t\t<div class=\"e-con-inner\">\n\t\t\t\t<div class=\"elementor-element elementor-element-6b0209d elementor-widget__width-inherit elementor-widget elementor-widget-heading\" data-id=\"6b0209d\" data-element_type=\"widget\" data-widget_type=\"heading.default\">\n\t\t\t\t<div class=\"elementor-widget-container\">\n\t\t\t\t\t<h1 class=\"elementor-heading-title elementor-size-default\">Productos<\/h1>\t\t\t\t<\/div>\n\t\t\t\t<\/div>\n\t\t\t\t<div class=\"elementor-element elementor-element-0ec8a55 elementor-widget elementor-widget-text-editor\" data-id=\"0ec8a55\" data-element_type=\"widget\" data-widget_type=\"text-editor.default\">\n\t\t\t\t<div class=\"elementor-widget-container\">\n\t\t\t\t\t\t\t\t\t<p>Conoce una amplia gama de\u00a0 productos de acuerdo a tus necesidades<\/p>\t\t\t\t\t\t\t\t<\/div>\n\t\t\t\t<\/div>\n\t\t\t\t\t<\/div>\n\t\t\t\t<\/div>\n\t\t<div class=\"elementor-element elementor-element-90dd7b5 e-flex e-con-boxed e-con e-parent\" data-id=\"90dd7b5\" data-element_type=\"container\">\n\t\t\t\t\t<div class=\"e-con-inner\">\n\t\t\t\t<div class=\"elementor-element elementor-element-be68b2e elementor-widget elementor-widget-spacer\" data-id=\"be68b2e\" data-element_type=\"widget\" data-widget_type=\"spacer.default\">\n\t\t\t\t<div class=\"elementor-widget-container\">\n\t\t\t\t\t\t\t<div class=\"elementor-spacer\">\n\t\t\t<div class=\"elementor-spacer-inner\"><\/div>\n\t\t<\/div>\n\t\t\t\t\t\t<\/div>\n\t\t\t\t<\/div>\n\t\t\t\t\t<\/div>\n\t\t\t\t<\/div>\n\t\t<div class=\"elementor-element elementor-element-a263d64 e-flex e-con-boxed e-con e-parent\" data-id=\"a263d64\" data-element_type=\"container\">\n\t\t\t\t\t<div class=\"e-con-inner\">\n\t\t\t\t<div class=\"elementor-element elementor-element-f30826d elementor-widget elementor-widget-heading\" data-id=\"f30826d\" data-element_type=\"widget\" data-widget_type=\"heading.default\">\n\t\t\t\t<div class=\"elementor-widget-container\">\n\t\t\t\t\t<h2 class=\"elementor-heading-title elementor-size-default\">Equipos de Impresi\u00f3n<\/h2>\t\t\t\t<\/div>\n\t\t\t\t<\/div>\n\t\t\t\t<div class=\"elementor-element elementor-element-b39b5da elementor-widget-divider--view-line_icon elementor-view-default elementor-widget-divider--element-align-center elementor-widget elementor-widget-divider\" data-id=\"b39b5da\" data-element_type=\"widget\" data-widget_type=\"divider.default\">\n\t\t\t\t<div class=\"elementor-widget-container\">\n\t\t\t\t\t\t\t<div class=\"elementor-divider\">\n\t\t\t<span class=\"elementor-divider-separator\">\n\t\t\t\t\t\t\t<div class=\"elementor-icon elementor-divider__element\">\n\t\t\t\t\t<svg aria-hidden=\"true\" class=\"e-font-icon-svg e-fas-print\" viewBox=\"0 0 512 512\" xmlns=\"http:\/\/www.w3.org\/2000\/svg\"><path d=\"M448 192V77.25c0-8.49-3.37-16.62-9.37-22.63L393.37 9.37c-6-6-14.14-9.37-22.63-9.37H96C78.33 0 64 14.33 64 32v160c-35.35 0-64 28.65-64 64v112c0 8.84 7.16 16 16 16h48v96c0 17.67 14.33 32 32 32h320c17.67 0 32-14.33 32-32v-96h48c8.84 0 16-7.16 16-16V256c0-35.35-28.65-64-64-64zm-64 256H128v-96h256v96zm0-224H128V64h192v48c0 8.84 7.16 16 16 16h48v96zm48 72c-13.25 0-24-10.75-24-24 0-13.26 10.75-24 24-24s24 10.74 24 24c0 13.25-10.75 24-24 24z\"><\/path><\/svg><\/div>\n\t\t\t\t\t\t<\/span>\n\t\t<\/div>\n\t\t\t\t\t\t<\/div>\n\t\t\t\t<\/div>\n\t\t\t\t\t<\/div>\n\t\t\t\t<\/div>\n\t\t<div class=\"elementor-element elementor-element-d44cf32 e-grid e-con-boxed e-con e-parent\" data-id=\"d44cf32\" data-element_type=\"container\">\n\t\t\t\t\t<div class=\"e-con-inner\">\n\t\t\t\t<div class=\"elementor-element elementor-element-87038c7 elementor-position-top elementor-widget elementor-widget-image-box\" data-id=\"87038c7\" data-element_type=\"widget\" data-widget_type=\"image-box.default\">\n\t\t\t\t<div class=\"elementor-widget-container\">\n\t\t\t\t\t<div class=\"elementor-image-box-wrapper\"><figure class=\"elementor-image-box-img\"><a href=\"https:\/\/bitgraphica.com\/index.php\/impresoras-3d\/\" tabindex=\"-1\"><img fetchpriority=\"high\" decoding=\"async\" width=\"500\" height=\"332\" src=\"https:\/\/bitgraphica.com\/staging\/wp-content\/uploads\/2025\/01\/Impr_3d_imag.jpg\" class=\"attachment-full size-full wp-image-192\" alt=\"impresoras 3D Creallity\" srcset=\"https:\/\/bitgraphica.com\/staging\/wp-content\/uploads\/2025\/01\/Impr_3d_imag.jpg 500w, https:\/\/bitgraphica.com\/staging\/wp-content\/uploads\/2025\/01\/Impr_3d_imag-300x199.jpg 300w\" sizes=\"(max-width: 500px) 100vw, 500px\" \/><\/a><\/figure><div class=\"elementor-image-box-content\"><h1 class=\"elementor-image-box-title\"><a href=\"https:\/\/bitgraphica.com\/index.php\/impresoras-3d\/\">Impresoras 3D y Suministros<\/a><\/h1><p class=\"elementor-image-box-description\">Contamos con una amplia gama de equipos de impresi\u00f3n 3D Creality, Cont\u00e1ctenos y le ayudaremos a elegir el mejor equipo de acuerdo a sus necesidades.<br><br><b style=\"\">Ver productos &gt;<\/b><\/p><\/div><\/div>\t\t\t\t<\/div>\n\t\t\t\t<\/div>\n\t\t\t\t<div class=\"elementor-element elementor-element-ac59ee9 elementor-position-top elementor-widget elementor-widget-image-box\" data-id=\"ac59ee9\" data-element_type=\"widget\" data-widget_type=\"image-box.default\">\n\t\t\t\t<div class=\"elementor-widget-container\">\n\t\t\t\t\t<div class=\"elementor-image-box-wrapper\"><figure class=\"elementor-image-box-img\"><a href=\"https:\/\/bitgraphica.com\/index.php\/plotters-tecnicos\/\" tabindex=\"-1\"><img decoding=\"async\" width=\"500\" height=\"332\" src=\"https:\/\/bitgraphica.com\/staging\/wp-content\/uploads\/2025\/01\/plotter_grafico.jpg\" class=\"attachment-full size-full wp-image-195\" alt=\"\" srcset=\"https:\/\/bitgraphica.com\/staging\/wp-content\/uploads\/2025\/01\/plotter_grafico.jpg 500w, https:\/\/bitgraphica.com\/staging\/wp-content\/uploads\/2025\/01\/plotter_grafico-300x199.jpg 300w\" sizes=\"(max-width: 500px) 100vw, 500px\" \/><\/a><\/figure><div class=\"elementor-image-box-content\"><h1 class=\"elementor-image-box-title\"><a href=\"https:\/\/bitgraphica.com\/index.php\/plotters-tecnicos\/\">Plotters HP DesignJet<\/a><\/h1><p class=\"elementor-image-box-description\">Impresoras y plotters de gran formato dise\u00f1ados para mapas, dibujos t\u00e9cnicos, gr\u00e1ficos de alto impacto e impresiones profesionales de calidad fotogr\u00e1fica.<br><br><b style=\"\">Ver productos &gt;<\/b><\/p><\/div><\/div>\t\t\t\t<\/div>\n\t\t\t\t<\/div>\n\t\t\t\t<div class=\"elementor-element elementor-element-bd76ea5 elementor-position-top elementor-widget elementor-widget-image-box\" data-id=\"bd76ea5\" data-element_type=\"widget\" data-widget_type=\"image-box.default\">\n\t\t\t\t<div class=\"elementor-widget-container\">\n\t\t\t\t\t<div class=\"elementor-image-box-wrapper\"><figure class=\"elementor-image-box-img\"><a href=\"https:\/\/bitgraphica.com\/index.php\/plotters-tecnicos\/\" tabindex=\"-1\"><img decoding=\"async\" width=\"500\" height=\"332\" src=\"https:\/\/bitgraphica.com\/staging\/wp-content\/uploads\/2025\/01\/plotter_planos.jpg\" class=\"attachment-full size-full wp-image-196\" alt=\"plotters tecnicos\" srcset=\"https:\/\/bitgraphica.com\/staging\/wp-content\/uploads\/2025\/01\/plotter_planos.jpg 500w, https:\/\/bitgraphica.com\/staging\/wp-content\/uploads\/2025\/01\/plotter_planos-300x199.jpg 300w\" sizes=\"(max-width: 500px) 100vw, 500px\" \/><\/a><\/figure><div class=\"elementor-image-box-content\"><h1 class=\"elementor-image-box-title\"><a href=\"https:\/\/bitgraphica.com\/index.php\/plotters-tecnicos\/\">Plotters T\u00e9cnicos<\/a><\/h1><p class=\"elementor-image-box-description\">Dise\u00f1ados para profesionales de arquitectura, ingenier\u00eda y construcci\u00f3n, para impresi\u00f3n de planos y dibujos t\u00e9cnicos de CAD.<br><br><b style=\"\">Ver productos &gt;<\/b><\/p><\/div><\/div>\t\t\t\t<\/div>\n\t\t\t\t<\/div>\n\t\t\t\t<div class=\"elementor-element elementor-element-2bebc74 elementor-position-top elementor-widget elementor-widget-image-box\" data-id=\"2bebc74\" data-element_type=\"widget\" data-widget_type=\"image-box.default\">\n\t\t\t\t<div class=\"elementor-widget-container\">\n\t\t\t\t\t<div class=\"elementor-image-box-wrapper\"><figure class=\"elementor-image-box-img\"><a href=\"https:\/\/bitgraphica.com\/index.php\/plotters-tecnicos\/\" tabindex=\"-1\"><img loading=\"lazy\" decoding=\"async\" width=\"500\" height=\"332\" src=\"https:\/\/bitgraphica.com\/staging\/wp-content\/uploads\/2025\/02\/ploter_grafico.jpg\" class=\"attachment-large size-large wp-image-693\" alt=\"\" srcset=\"https:\/\/bitgraphica.com\/staging\/wp-content\/uploads\/2025\/02\/ploter_grafico.jpg 500w, https:\/\/bitgraphica.com\/staging\/wp-content\/uploads\/2025\/02\/ploter_grafico-300x199.jpg 300w\" sizes=\"(max-width: 500px) 100vw, 500px\" \/><\/a><\/figure><div class=\"elementor-image-box-content\"><h1 class=\"elementor-image-box-title\"><a href=\"https:\/\/bitgraphica.com\/index.php\/plotters-tecnicos\/\">Plotters Gr\u00e1ficos<\/a><\/h1><p class=\"elementor-image-box-description\">Dise\u00f1ados para imprimir gr\u00e1ficos, fotograf\u00edas, reproducciones art\u00edsticas, se\u00f1alizaci\u00f3n para comercios y mapas de gran impacto.<br><br><b style=\"\">Ver productos &gt;<\/b><\/p><\/div><\/div>\t\t\t\t<\/div>\n\t\t\t\t<\/div>\n\t\t\t\t<div class=\"elementor-element elementor-element-ffb6f7f elementor-position-top elementor-widget elementor-widget-image-box\" data-id=\"ffb6f7f\" data-element_type=\"widget\" data-widget_type=\"image-box.default\">\n\t\t\t\t<div class=\"elementor-widget-container\">\n\t\t\t\t\t<div class=\"elementor-image-box-wrapper\"><figure class=\"elementor-image-box-img\"><a href=\"https:\/\/bitgraphica.com\/index.php\/impresoras\/\" tabindex=\"-1\"><img loading=\"lazy\" decoding=\"async\" width=\"500\" height=\"332\" src=\"https:\/\/bitgraphica.com\/staging\/wp-content\/uploads\/2025\/01\/impresoras_imag2.jpg\" class=\"attachment-full size-full wp-image-194\" alt=\"\" srcset=\"https:\/\/bitgraphica.com\/staging\/wp-content\/uploads\/2025\/01\/impresoras_imag2.jpg 500w, https:\/\/bitgraphica.com\/staging\/wp-content\/uploads\/2025\/01\/impresoras_imag2-300x199.jpg 300w\" sizes=\"(max-width: 500px) 100vw, 500px\" \/><\/a><\/figure><div class=\"elementor-image-box-content\"><h1 class=\"elementor-image-box-title\"><a href=\"https:\/\/bitgraphica.com\/index.php\/impresoras\/\">Impresoras, Scanners Multifuncionales HP<\/a><\/h1><p class=\"elementor-image-box-description\">HP cuenta con la impresora ideal para quien trabaja en casa o requiere aumentar la productividad en la oficina.<br><br><b style=\"\">Ver productos &gt;<\/b>\n<\/p><\/div><\/div>\t\t\t\t<\/div>\n\t\t\t\t<\/div>\n\t\t\t\t<div class=\"elementor-element elementor-element-48d37c5 elementor-position-top elementor-widget elementor-widget-image-box\" data-id=\"48d37c5\" data-element_type=\"widget\" data-widget_type=\"image-box.default\">\n\t\t\t\t<div class=\"elementor-widget-container\">\n\t\t\t\t\t<div class=\"elementor-image-box-wrapper\"><figure class=\"elementor-image-box-img\"><a href=\"https:\/\/bitgraphica.com\/index.php\/consumibles\/\" tabindex=\"-1\"><img loading=\"lazy\" decoding=\"async\" width=\"500\" height=\"332\" src=\"https:\/\/bitgraphica.com\/staging\/wp-content\/uploads\/2025\/02\/consumibles.jpg\" class=\"attachment-large size-large wp-image-689\" alt=\"\" srcset=\"https:\/\/bitgraphica.com\/staging\/wp-content\/uploads\/2025\/02\/consumibles.jpg 500w, https:\/\/bitgraphica.com\/staging\/wp-content\/uploads\/2025\/02\/consumibles-300x199.jpg 300w\" sizes=\"(max-width: 500px) 100vw, 500px\" \/><\/a><\/figure><div class=\"elementor-image-box-content\"><h1 class=\"elementor-image-box-title\"><a href=\"https:\/\/bitgraphica.com\/index.php\/consumibles\/\">Consumibles<\/a><\/h1><p class=\"elementor-image-box-description\">Contamos con diferentes marcas de consumibles tipo tinta y toners.<br><br><b style=\"\">Ver productos &gt;<\/b>\n<\/p><\/div><\/div>\t\t\t\t<\/div>\n\t\t\t\t<\/div>\n\t\t\t\t\t<\/div>\n\t\t\t\t<\/div>\n\t\t<div class=\"elementor-element elementor-element-bf67f6c e-flex e-con-boxed e-con e-parent\" data-id=\"bf67f6c\" data-element_type=\"container\">\n\t\t\t\t\t<div class=\"e-con-inner\">\n\t\t\t\t<div class=\"elementor-element elementor-element-58343d2 elementor-widget elementor-widget-spacer\" data-id=\"58343d2\" data-element_type=\"widget\" data-widget_type=\"spacer.default\">\n\t\t\t\t<div class=\"elementor-widget-container\">\n\t\t\t\t\t\t\t<div class=\"elementor-spacer\">\n\t\t\t<div class=\"elementor-spacer-inner\"><\/div>\n\t\t<\/div>\n\t\t\t\t\t\t<\/div>\n\t\t\t\t<\/div>\n\t\t\t\t<div class=\"elementor-element elementor-element-8ffa4ed elementor-widget elementor-widget-heading\" data-id=\"8ffa4ed\" data-element_type=\"widget\" data-widget_type=\"heading.default\">\n\t\t\t\t<div class=\"elementor-widget-container\">\n\t\t\t\t\t<h2 class=\"elementor-heading-title elementor-size-default\">Software de Dise\u00f1o<\/h2>\t\t\t\t<\/div>\n\t\t\t\t<\/div>\n\t\t\t\t<div class=\"elementor-element elementor-element-0a157db elementor-widget-divider--view-line_icon elementor-view-default elementor-widget-divider--element-align-center elementor-widget elementor-widget-divider\" data-id=\"0a157db\" data-element_type=\"widget\" data-widget_type=\"divider.default\">\n\t\t\t\t<div class=\"elementor-widget-container\">\n\t\t\t\t\t\t\t<div class=\"elementor-divider\">\n\t\t\t<span class=\"elementor-divider-separator\">\n\t\t\t\t\t\t\t<div class=\"elementor-icon elementor-divider__element\">\n\t\t\t\t\t<svg aria-hidden=\"true\" class=\"e-font-icon-svg e-fas-laptop\" viewBox=\"0 0 640 512\" xmlns=\"http:\/\/www.w3.org\/2000\/svg\"><path d=\"M624 416H381.54c-.74 19.81-14.71 32-32.74 32H288c-18.69 0-33.02-17.47-32.77-32H16c-8.8 0-16 7.2-16 16v16c0 35.2 28.8 64 64 64h512c35.2 0 64-28.8 64-64v-16c0-8.8-7.2-16-16-16zM576 48c0-26.4-21.6-48-48-48H112C85.6 0 64 21.6 64 48v336h512V48zm-64 272H128V64h384v256z\"><\/path><\/svg><\/div>\n\t\t\t\t\t\t<\/span>\n\t\t<\/div>\n\t\t\t\t\t\t<\/div>\n\t\t\t\t<\/div>\n\t\t\t\t\t<\/div>\n\t\t\t\t<\/div>\n\t\t<div class=\"elementor-element elementor-element-7ede78b e-grid e-con-boxed e-con e-parent\" data-id=\"7ede78b\" data-element_type=\"container\">\n\t\t\t\t\t<div class=\"e-con-inner\">\n\t\t\t\t<div class=\"elementor-element elementor-element-c5dd0a8 elementor-position-top elementor-widget elementor-widget-image-box\" data-id=\"c5dd0a8\" data-element_type=\"widget\" data-widget_type=\"image-box.default\">\n\t\t\t\t<div class=\"elementor-widget-container\">\n\t\t\t\t\t<div class=\"elementor-image-box-wrapper\"><figure class=\"elementor-image-box-img\"><a href=\"https:\/\/bitgraphica.com\/index.php\/software\/\" tabindex=\"-1\"><img decoding=\"async\" src=\"https:\/\/bitgraphica.com\/staging\/wp-content\/uploads\/2025\/01\/autocad.jpg\" title=\"autocad\" alt=\"autocad\" loading=\"lazy\" \/><\/a><\/figure><div class=\"elementor-image-box-content\"><h1 class=\"elementor-image-box-title\"><a href=\"https:\/\/bitgraphica.com\/index.php\/software\/\">Autodesk AutoCAD<\/a><\/h1><p class=\"elementor-image-box-description\">Licencias de software de dise\u00f1o y dibujo. Herramientas de CAD 2D y 3D creadas para agilizar su creatividad.<br><br>\n<span style=\"font-weight: 700;\">Ver productos &gt;<\/span><\/p><\/div><\/div>\t\t\t\t<\/div>\n\t\t\t\t<\/div>\n\t\t\t\t<div class=\"elementor-element elementor-element-407e1bf elementor-position-top elementor-widget elementor-widget-image-box\" data-id=\"407e1bf\" data-element_type=\"widget\" data-widget_type=\"image-box.default\">\n\t\t\t\t<div class=\"elementor-widget-container\">\n\t\t\t\t\t<div class=\"elementor-image-box-wrapper\"><figure class=\"elementor-image-box-img\"><a href=\"https:\/\/bitgraphica.com\/index.php\/software\/\" tabindex=\"-1\"><img decoding=\"async\" src=\"https:\/\/bitgraphica.com\/staging\/wp-content\/uploads\/2025\/01\/adobe_creative_cloud.jpg\" title=\"adobe_creative_cloud\" alt=\"adobe_creative_cloud\" loading=\"lazy\" \/><\/a><\/figure><div class=\"elementor-image-box-content\"><h1 class=\"elementor-image-box-title\"><a href=\"https:\/\/bitgraphica.com\/index.php\/software\/\">Adobe Creative Cloud<\/a><\/h1><p class=\"elementor-image-box-description\">Paquete de software que incluye aplicaciones para la creaci\u00f3n y edici\u00f3n de contenido multimedia.<br><br><span style=\"font-weight: 700;\">Ver productos &gt;<\/span><\/p><\/div><\/div>\t\t\t\t<\/div>\n\t\t\t\t<\/div>\n\t\t\t\t\t<\/div>\n\t\t\t\t<\/div>\n\t\t<div class=\"elementor-element elementor-element-b87e2e3 e-flex e-con-boxed e-con e-parent\" data-id=\"b87e2e3\" data-element_type=\"container\">\n\t\t\t\t\t<div class=\"e-con-inner\">\n\t\t\t\t<div class=\"elementor-element elementor-element-777e036 elementor-widget elementor-widget-spacer\" data-id=\"777e036\" data-element_type=\"widget\" data-widget_type=\"spacer.default\">\n\t\t\t\t<div class=\"elementor-widget-container\">\n\t\t\t\t\t\t\t<div class=\"elementor-spacer\">\n\t\t\t<div class=\"elementor-spacer-inner\"><\/div>\n\t\t<\/div>\n\t\t\t\t\t\t<\/div>\n\t\t\t\t<\/div>\n\t\t\t\t<div class=\"elementor-element elementor-element-fa75553 elementor-widget elementor-widget-heading\" data-id=\"fa75553\" data-element_type=\"widget\" data-widget_type=\"heading.default\">\n\t\t\t\t<div class=\"elementor-widget-container\">\n\t\t\t\t\t<h2 class=\"elementor-heading-title elementor-size-default\">Papel Inkjet y Artes Gr\u00e1ficas<\/h2>\t\t\t\t<\/div>\n\t\t\t\t<\/div>\n\t\t\t\t<div class=\"elementor-element elementor-element-c0a85a9 elementor-widget-divider--view-line_icon elementor-view-default elementor-widget-divider--element-align-center elementor-widget elementor-widget-divider\" data-id=\"c0a85a9\" data-element_type=\"widget\" data-widget_type=\"divider.default\">\n\t\t\t\t<div class=\"elementor-widget-container\">\n\t\t\t\t\t\t\t<div class=\"elementor-divider\">\n\t\t\t<span class=\"elementor-divider-separator\">\n\t\t\t\t\t\t\t<div class=\"elementor-icon elementor-divider__element\">\n\t\t\t\t\t<svg aria-hidden=\"true\" class=\"e-font-icon-svg e-far-file\" viewBox=\"0 0 384 512\" xmlns=\"http:\/\/www.w3.org\/2000\/svg\"><path d=\"M369.9 97.9L286 14C277 5 264.8-.1 252.1-.1H48C21.5 0 0 21.5 0 48v416c0 26.5 21.5 48 48 48h288c26.5 0 48-21.5 48-48V131.9c0-12.7-5.1-25-14.1-34zM332.1 128H256V51.9l76.1 76.1zM48 464V48h160v104c0 13.3 10.7 24 24 24h104v288H48z\"><\/path><\/svg><\/div>\n\t\t\t\t\t\t<\/span>\n\t\t<\/div>\n\t\t\t\t\t\t<\/div>\n\t\t\t\t<\/div>\n\t\t\t\t\t<\/div>\n\t\t\t\t<\/div>\n\t\t<div class=\"elementor-element elementor-element-e67a83c e-grid e-con-boxed e-con e-parent\" data-id=\"e67a83c\" data-element_type=\"container\">\n\t\t\t\t\t<div class=\"e-con-inner\">\n\t\t\t\t<div class=\"elementor-element elementor-element-3e1fc58 elementor-widget elementor-widget-text-editor\" data-id=\"3e1fc58\" data-element_type=\"widget\" data-widget_type=\"text-editor.default\">\n\t\t\t\t<div class=\"elementor-widget-container\">\n\t\t\t\t\t\t\t\t\t<p>Manufactura y distribuci\u00f3n de materiales para la industria de impresi\u00f3n digital, con tecnolog\u00edas que abarcan desde la xerograf\u00eda, impresi\u00f3n l\u00e1ser digital e impresi\u00f3n Inkjet con sus diferentes variantes de tintas y equipos.<\/p><p><a href=\"https:\/\/bitgraphica.com\/index.php\/papel-para-artes-graficas\/\"><b>Ver productos &gt;<\/b><\/a>\u200b<\/p>\t\t\t\t\t\t\t\t<\/div>\n\t\t\t\t<\/div>\n\t\t\t\t<div class=\"elementor-element elementor-element-5b11674 elementor-widget elementor-widget-image-carousel\" data-id=\"5b11674\" data-element_type=\"widget\" data-settings=\"{&quot;slides_to_show&quot;:&quot;1&quot;,&quot;navigation&quot;:&quot;none&quot;,&quot;autoplay&quot;:&quot;yes&quot;,&quot;pause_on_hover&quot;:&quot;yes&quot;,&quot;pause_on_interaction&quot;:&quot;yes&quot;,&quot;autoplay_speed&quot;:5000,&quot;infinite&quot;:&quot;yes&quot;,&quot;effect&quot;:&quot;slide&quot;,&quot;speed&quot;:500}\" data-widget_type=\"image-carousel.default\">\n\t\t\t\t<div class=\"elementor-widget-container\">\n\t\t\t\t\t\t\t<div class=\"elementor-image-carousel-wrapper swiper\" role=\"region\" aria-roledescription=\"carousel\" aria-label=\"Carrusel de im\u00e1genes\" dir=\"ltr\">\n\t\t\t<div class=\"elementor-image-carousel swiper-wrapper swiper-image-stretch\" aria-live=\"off\">\n\t\t\t\t\t\t\t\t<div class=\"swiper-slide\" role=\"group\" aria-roledescription=\"slide\" aria-label=\"1 de 1\"><a data-elementor-open-lightbox=\"yes\" data-elementor-lightbox-slideshow=\"5b11674\" data-elementor-lightbox-title=\"Logo_kronaline\" data-e-action-hash=\"#elementor-action%3Aaction%3Dlightbox%26settings%3DeyJpZCI6MTQxLCJ1cmwiOiJodHRwczpcL1wvYml0Z3JhcGhpY2EuY29tXC9zdGFnaW5nXC93cC1jb250ZW50XC91cGxvYWRzXC8yMDI1XC8wMVwvTG9nb19rcm9uYWxpbmUuanBnIiwic2xpZGVzaG93IjoiNWIxMTY3NCJ9\" href=\"https:\/\/bitgraphica.com\/index.php\/papel-para-artes-graficas\/\"><figure class=\"swiper-slide-inner\"><img decoding=\"async\" class=\"swiper-slide-image\" src=\"https:\/\/bitgraphica.com\/staging\/wp-content\/uploads\/2025\/01\/Logo_kronaline.jpg\" alt=\"Logo_kronaline\" \/><\/figure><\/a><\/div>\t\t\t<\/div>\n\t\t\t\t\t<\/div>\n\t\t\t\t\t\t<\/div>\n\t\t\t\t<\/div>\n\t\t\t\t\t<\/div>\n\t\t\t\t<\/div>\n\t\t<div class=\"elementor-element elementor-element-fe87371 e-flex e-con-boxed e-con e-parent\" data-id=\"fe87371\" data-element_type=\"container\">\n\t\t\t\t\t<div class=\"e-con-inner\">\n\t\t\t\t<div class=\"elementor-element elementor-element-45cc3be elementor-widget elementor-widget-spacer\" data-id=\"45cc3be\" data-element_type=\"widget\" data-widget_type=\"spacer.default\">\n\t\t\t\t<div class=\"elementor-widget-container\">\n\t\t\t\t\t\t\t<div class=\"elementor-spacer\">\n\t\t\t<div class=\"elementor-spacer-inner\"><\/div>\n\t\t<\/div>\n\t\t\t\t\t\t<\/div>\n\t\t\t\t<\/div>\n\t\t\t\t\t<\/div>\n\t\t\t\t<\/div>\n\t\t<div class=\"elementor-element elementor-element-32596448 e-flex e-con-boxed e-con e-parent\" data-id=\"32596448\" data-element_type=\"container\" data-settings=\"{&quot;background_background&quot;:&quot;classic&quot;}\">\n\t\t\t\t\t<div class=\"e-con-inner\">\n\t\t\t\t<div class=\"elementor-element elementor-element-cbc0cdc elementor-widget elementor-widget-heading\" data-id=\"cbc0cdc\" data-element_type=\"widget\" data-widget_type=\"heading.default\">\n\t\t\t\t<div class=\"elementor-widget-container\">\n\t\t\t\t\t<h2 class=\"elementor-heading-title elementor-size-default\">Si desea obtener m\u00e1s informaci\u00f3n de nuestros productos y servicios puede ponerse en contacto a trav\u00e9s de nuestro WhatsApp<\/h2>\t\t\t\t<\/div>\n\t\t\t\t<\/div>\n\t\t\t\t<div class=\"elementor-element elementor-element-1fdbe290 elementor-position-right elementor-view-default elementor-mobile-position-top elementor-vertical-align-top elementor-widget elementor-widget-icon-box\" data-id=\"1fdbe290\" data-element_type=\"widget\" data-widget_type=\"icon-box.default\">\n\t\t\t\t<div class=\"elementor-widget-container\">\n\t\t\t\t\t\t\t<div class=\"elementor-icon-box-wrapper\">\n\n\t\t\t\t\t\t<div class=\"elementor-icon-box-icon\">\n\t\t\t\t<span  class=\"elementor-icon elementor-animation-grow\">\n\t\t\t\t<svg aria-hidden=\"true\" class=\"e-font-icon-svg e-fab-whatsapp\" viewBox=\"0 0 448 512\" xmlns=\"http:\/\/www.w3.org\/2000\/svg\"><path d=\"M380.9 97.1C339 55.1 283.2 32 223.9 32c-122.4 0-222 99.6-222 222 0 39.1 10.2 77.3 29.6 111L0 480l117.7-30.9c32.4 17.7 68.9 27 106.1 27h.1c122.3 0 224.1-99.6 224.1-222 0-59.3-25.2-115-67.1-157zm-157 341.6c-33.2 0-65.7-8.9-94-25.7l-6.7-4-69.8 18.3L72 359.2l-4.4-7c-18.5-29.4-28.2-63.3-28.2-98.2 0-101.7 82.8-184.5 184.6-184.5 49.3 0 95.6 19.2 130.4 54.1 34.8 34.9 56.2 81.2 56.1 130.5 0 101.8-84.9 184.6-186.6 184.6zm101.2-138.2c-5.5-2.8-32.8-16.2-37.9-18-5.1-1.9-8.8-2.8-12.5 2.8-3.7 5.6-14.3 18-17.6 21.8-3.2 3.7-6.5 4.2-12 1.4-32.6-16.3-54-29.1-75.5-66-5.7-9.8 5.7-9.1 16.3-30.3 1.8-3.7.9-6.9-.5-9.7-1.4-2.8-12.5-30.1-17.1-41.2-4.5-10.8-9.1-9.3-12.5-9.5-3.2-.2-6.9-.2-10.6-.2-3.7 0-9.7 1.4-14.8 6.9-5.1 5.6-19.4 19-19.4 46.3 0 27.3 19.9 53.7 22.6 57.4 2.8 3.7 39.1 59.7 94.8 83.8 35.2 15.2 49 16.5 66.6 13.9 10.7-1.6 32.8-13.4 37.4-26.4 4.6-13 4.6-24.1 3.2-26.4-1.3-2.5-5-3.9-10.5-6.6z\"><\/path><\/svg>\t\t\t\t<\/span>\n\t\t\t<\/div>\n\t\t\t\n\t\t\t\t\t\t<div class=\"elementor-icon-box-content\">\n\n\t\t\t\t\t\t\t\t\t<h3 class=\"elementor-icon-box-title\">\n\t\t\t\t\t\t<span  >\n\t\t\t\t\t\t\t+52 55 8011 2418\t\t\t\t\t\t<\/span>\n\t\t\t\t\t<\/h3>\n\t\t\t\t\n\t\t\t\t\t\t\t\t\t<p class=\"elementor-icon-box-description\">\n\t\t\t\t\t\tventas@bitgraphica.com\t\t\t\t\t<\/p>\n\t\t\t\t\n\t\t\t<\/div>\n\t\t\t\n\t\t<\/div>\n\t\t\t\t\t\t<\/div>\n\t\t\t\t<\/div>\n\t\t\t\t\t<\/div>\n\t\t\t\t<\/div>\n\t\t\t\t<\/div>\n\t\t","protected":false},"excerpt":{"rendered":"<p>Productos Conoce una amplia gama de\u00a0 productos de acuerdo a tus necesidades Equipos de Impresi\u00f3n Impresoras 3D y Suministros Contamos con una amplia gama de equipos de impresi\u00f3n 3D Creality, Cont\u00e1ctenos y le ayudaremos a elegir el mejor equipo de acuerdo a sus necesidades. Ver productos &gt; Plotters HP DesignJet Impresoras y plotters de gran [&hellip;]<\/p>\n","protected":false},"author":1,"featured_media":0,"parent":0,"menu_order":0,"comment_status":"closed","ping_status":"closed","template":"","meta":{"footnotes":""},"class_list":["post-48","page","type-page","status-publish","hentry"],"_links":{"self":[{"href":"https:\/\/bitgraphica.com\/index.php\/wp-json\/wp\/v2\/pages\/48","targetHints":{"allow":["GET"]}}],"collection":[{"href":"https:\/\/bitgraphica.com\/index.php\/wp-json\/wp\/v2\/pages"}],"about":[{"href":"https:\/\/bitgraphica.com\/index.php\/wp-json\/wp\/v2\/types\/page"}],"author":[{"embeddable":true,"href":"https:\/\/bitgraphica.com\/index.php\/wp-json\/wp\/v2\/users\/1"}],"replies":[{"embeddable":true,"href":"https:\/\/bitgraphica.com\/index.php\/wp-json\/wp\/v2\/comments?post=48"}],"version-history":[{"count":94,"href":"https:\/\/bitgraphica.com\/index.php\/wp-json\/wp\/v2\/pages\/48\/revisions"}],"predecessor-version":[{"id":890,"href":"https:\/\/bitgraphica.com\/index.php\/wp-json\/wp\/v2\/pages\/48\/revisions\/890"}],"wp:attachment":[{"href":"https:\/\/bitgraphica.com\/index.php\/wp-json\/wp\/v2\/media?parent=48"}],"curies":[{"name":"wp","href":"https:\/\/api.w.org\/{rel}","templated":true}]}}