{"id":125,"date":"2025-01-24T07:46:16","date_gmt":"2025-01-24T07:46:16","guid":{"rendered":"https:\/\/bitgraphica.com\/staging\/?page_id=125"},"modified":"2025-03-13T06:17:45","modified_gmt":"2025-03-13T06:17:45","slug":"consumibles","status":"publish","type":"page","link":"https:\/\/bitgraphica.com\/index.php\/consumibles\/","title":{"rendered":"Consumibles"},"content":{"rendered":"\t\t<div data-elementor-type=\"wp-page\" data-elementor-id=\"125\" class=\"elementor elementor-125\">\n\t\t\t\t<div class=\"elementor-element elementor-element-8a6c4f2 e-flex e-con-boxed e-con e-parent\" data-id=\"8a6c4f2\" data-element_type=\"container\" data-settings=\"{&quot;background_background&quot;:&quot;classic&quot;}\">\n\t\t\t\t\t<div class=\"e-con-inner\">\n\t\t\t\t<div class=\"elementor-element elementor-element-13e48fc elementor-widget__width-initial elementor-widget elementor-widget-heading\" data-id=\"13e48fc\" data-element_type=\"widget\" data-widget_type=\"heading.default\">\n\t\t\t\t<div class=\"elementor-widget-container\">\n\t\t\t\t\t<h2 class=\"elementor-heading-title elementor-size-default\">Consumibles Originales Tinta y T\u00f3ner<\/h2>\t\t\t\t<\/div>\n\t\t\t\t<\/div>\n\t\t\t\t<div class=\"elementor-element elementor-element-9598b39 elementor-widget elementor-widget-text-editor\" data-id=\"9598b39\" data-element_type=\"widget\" data-widget_type=\"text-editor.default\">\n\t\t\t\t<div class=\"elementor-widget-container\">\n\t\t\t\t\t\t\t\t\t<p>Contamos con una variedad de marcas en consumibles para tus equipos.<\/p>\t\t\t\t\t\t\t\t<\/div>\n\t\t\t\t<\/div>\n\t\t\t\t\t<\/div>\n\t\t\t\t<\/div>\n\t\t<div class=\"elementor-element elementor-element-98729b9 e-flex e-con-boxed e-con e-parent\" data-id=\"98729b9\" data-element_type=\"container\">\n\t\t\t\t\t<div class=\"e-con-inner\">\n\t\t\t\t<div class=\"elementor-element elementor-element-a40c52d elementor-widget elementor-widget-spacer\" data-id=\"a40c52d\" data-element_type=\"widget\" data-widget_type=\"spacer.default\">\n\t\t\t\t<div class=\"elementor-widget-container\">\n\t\t\t\t\t\t\t<div class=\"elementor-spacer\">\n\t\t\t<div class=\"elementor-spacer-inner\"><\/div>\n\t\t<\/div>\n\t\t\t\t\t\t<\/div>\n\t\t\t\t<\/div>\n\t\t\t\t<div class=\"elementor-element elementor-element-8471ad8 elementor-widget elementor-widget-heading\" data-id=\"8471ad8\" data-element_type=\"widget\" data-widget_type=\"heading.default\">\n\t\t\t\t<div class=\"elementor-widget-container\">\n\t\t\t\t\t<h2 class=\"elementor-heading-title elementor-size-default\">Encuentra los mejores consumibles para tu impresora o plotter<\/h2>\t\t\t\t<\/div>\n\t\t\t\t<\/div>\n\t\t\t\t\t<\/div>\n\t\t\t\t<\/div>\n\t\t<div class=\"elementor-element elementor-element-384ba1f e-flex e-con-boxed e-con e-parent\" data-id=\"384ba1f\" data-element_type=\"container\">\n\t\t\t\t\t<div class=\"e-con-inner\">\n\t\t<div class=\"elementor-element elementor-element-ca366f0 e-con-full e-flex e-con e-child\" data-id=\"ca366f0\" data-element_type=\"container\">\n\t\t\t\t<div class=\"elementor-element elementor-element-540b825 elementor-widget elementor-widget-text-editor\" data-id=\"540b825\" data-element_type=\"widget\" data-widget_type=\"text-editor.default\">\n\t\t\t\t<div class=\"elementor-widget-container\">\n\t\t\t\t\t\t\t\t\t<p>Optimiza la calidad y rendimiento de tus impresiones con nuestra amplia gama de cartuchos de tinta, t\u00f3ners y suministros especializados.&nbsp;<\/p><p>Contamos con productos originales para asegurar resultados n\u00edtidos, duraderos y al mejor precio.<\/p>\n<p><strong>\u00a1Imprime sin preocupaciones!<\/strong> <strong>Cont\u00e1ctanos y encuentra la mejor opci\u00f3n para tu equipo.<\/strong><\/p>\t\t\t\t\t\t\t\t<\/div>\n\t\t\t\t<\/div>\n\t\t\t\t<\/div>\n\t\t<div class=\"elementor-element elementor-element-5324294 e-con-full e-flex e-con e-child\" data-id=\"5324294\" data-element_type=\"container\">\n\t\t\t\t<div class=\"elementor-element elementor-element-62dbdeb elementor-widget elementor-widget-image-carousel\" data-id=\"62dbdeb\" data-element_type=\"widget\" data-settings=\"{&quot;slides_to_show&quot;:&quot;1&quot;,&quot;navigation&quot;:&quot;none&quot;,&quot;effect&quot;:&quot;fade&quot;,&quot;autoplay&quot;:&quot;yes&quot;,&quot;autoplay_speed&quot;:5000,&quot;infinite&quot;:&quot;yes&quot;,&quot;speed&quot;:500}\" data-widget_type=\"image-carousel.default\">\n\t\t\t\t<div class=\"elementor-widget-container\">\n\t\t\t\t\t\t\t<div class=\"elementor-image-carousel-wrapper swiper\" role=\"region\" aria-roledescription=\"carousel\" aria-label=\"Carrusel de im\u00e1genes\" dir=\"ltr\">\n\t\t\t<div class=\"elementor-image-carousel swiper-wrapper swiper-image-stretch\" aria-live=\"off\">\n\t\t\t\t\t\t\t\t<div class=\"swiper-slide\" role=\"group\" aria-roledescription=\"slide\" aria-label=\"1 de 4\"><figure class=\"swiper-slide-inner\"><img decoding=\"async\" class=\"swiper-slide-image\" src=\"https:\/\/bitgraphica.com\/staging\/wp-content\/uploads\/2025\/03\/cartuchos_1.jpg\" alt=\"cartuchos_1\" \/><\/figure><\/div><div class=\"swiper-slide\" role=\"group\" aria-roledescription=\"slide\" aria-label=\"2 de 4\"><figure class=\"swiper-slide-inner\"><img decoding=\"async\" class=\"swiper-slide-image\" src=\"https:\/\/bitgraphica.com\/staging\/wp-content\/uploads\/2025\/03\/cartuchos_2.jpg\" alt=\"cartuchos_2\" \/><\/figure><\/div><div class=\"swiper-slide\" role=\"group\" aria-roledescription=\"slide\" aria-label=\"3 de 4\"><figure class=\"swiper-slide-inner\"><img decoding=\"async\" class=\"swiper-slide-image\" src=\"https:\/\/bitgraphica.com\/staging\/wp-content\/uploads\/2025\/03\/cartuchos_3.jpg\" alt=\"cartuchos_3\" \/><\/figure><\/div><div class=\"swiper-slide\" role=\"group\" aria-roledescription=\"slide\" aria-label=\"4 de 4\"><figure class=\"swiper-slide-inner\"><img decoding=\"async\" class=\"swiper-slide-image\" src=\"https:\/\/bitgraphica.com\/staging\/wp-content\/uploads\/2025\/03\/tintas_1.jpg\" alt=\"tintas_1\" \/><\/figure><\/div>\t\t\t<\/div>\n\t\t\t\t\t\t\t\n\t\t\t\t\t\t\t\t\t<\/div>\n\t\t\t\t\t\t<\/div>\n\t\t\t\t<\/div>\n\t\t\t\t<\/div>\n\t\t\t\t\t<\/div>\n\t\t\t\t<\/div>\n\t\t<div class=\"elementor-element elementor-element-1e9d489 e-flex e-con-boxed e-con e-parent\" data-id=\"1e9d489\" data-element_type=\"container\">\n\t\t\t\t\t<div class=\"e-con-inner\">\n\t\t\t\t<div class=\"elementor-element elementor-element-032324c elementor-widget elementor-widget-spacer\" data-id=\"032324c\" data-element_type=\"widget\" data-widget_type=\"spacer.default\">\n\t\t\t\t<div class=\"elementor-widget-container\">\n\t\t\t\t\t\t\t<div class=\"elementor-spacer\">\n\t\t\t<div class=\"elementor-spacer-inner\"><\/div>\n\t\t<\/div>\n\t\t\t\t\t\t<\/div>\n\t\t\t\t<\/div>\n\t\t\t\t\t<\/div>\n\t\t\t\t<\/div>\n\t\t<div class=\"elementor-element elementor-element-5039fce e-flex e-con-boxed e-con e-parent\" data-id=\"5039fce\" data-element_type=\"container\">\n\t\t\t\t\t<div class=\"e-con-inner\">\n\t\t\t\t<div class=\"elementor-element elementor-element-d3169b3 elementor-widget elementor-widget-heading\" data-id=\"d3169b3\" data-element_type=\"widget\" data-widget_type=\"heading.default\">\n\t\t\t\t<div class=\"elementor-widget-container\">\n\t\t\t\t\t<h2 class=\"elementor-heading-title elementor-size-default\">Obt\u00e9n productos originales de marcas reconocidas:<\/h2>\t\t\t\t<\/div>\n\t\t\t\t<\/div>\n\t\t\t\t\t<\/div>\n\t\t\t\t<\/div>\n\t\t<div class=\"elementor-element elementor-element-56f8282 e-grid e-con-boxed e-con e-parent\" data-id=\"56f8282\" data-element_type=\"container\">\n\t\t\t\t\t<div class=\"e-con-inner\">\n\t\t\t\t<div class=\"elementor-element elementor-element-6bd9307 elementor-widget elementor-widget-image\" data-id=\"6bd9307\" data-element_type=\"widget\" data-widget_type=\"image.default\">\n\t\t\t\t<div class=\"elementor-widget-container\">\n\t\t\t\t\t\t\t\t\t\t\t\t\t\t\t<img fetchpriority=\"high\" decoding=\"async\" width=\"300\" height=\"237\" src=\"https:\/\/bitgraphica.com\/staging\/wp-content\/uploads\/2025\/03\/logo_hp_ch.jpg\" class=\"attachment-large size-large wp-image-760\" alt=\"\" \/>\t\t\t\t\t\t\t\t\t\t\t\t\t\t\t<\/div>\n\t\t\t\t<\/div>\n\t\t\t\t<div class=\"elementor-element elementor-element-38975a8 elementor-widget elementor-widget-image\" data-id=\"38975a8\" data-element_type=\"widget\" data-widget_type=\"image.default\">\n\t\t\t\t<div class=\"elementor-widget-container\">\n\t\t\t\t\t\t\t\t\t\t\t\t\t\t\t<img decoding=\"async\" width=\"300\" height=\"71\" src=\"https:\/\/bitgraphica.com\/staging\/wp-content\/uploads\/2025\/03\/log_epson.jpg\" class=\"attachment-large size-large wp-image-758\" alt=\"\" \/>\t\t\t\t\t\t\t\t\t\t\t\t\t\t\t<\/div>\n\t\t\t\t<\/div>\n\t\t\t\t<div class=\"elementor-element elementor-element-e5b3ce3 elementor-widget elementor-widget-image\" data-id=\"e5b3ce3\" data-element_type=\"widget\" data-widget_type=\"image.default\">\n\t\t\t\t<div class=\"elementor-widget-container\">\n\t\t\t\t\t\t\t\t\t\t\t\t\t\t\t<img decoding=\"async\" width=\"800\" height=\"123\" src=\"https:\/\/bitgraphica.com\/staging\/wp-content\/uploads\/2025\/02\/samsung-seeklogo-1024x158.png\" class=\"attachment-large size-large wp-image-435\" alt=\"\" srcset=\"https:\/\/bitgraphica.com\/staging\/wp-content\/uploads\/2025\/02\/samsung-seeklogo-1024x158.png 1024w, https:\/\/bitgraphica.com\/staging\/wp-content\/uploads\/2025\/02\/elementor\/thumbs\/samsung-seeklogo-r13d0uxks4hjm615mcdfyfil57nqa0hapej0wb3h6q.png 300w, https:\/\/bitgraphica.com\/staging\/wp-content\/uploads\/2025\/02\/samsung-seeklogo-768x118.png 768w, https:\/\/bitgraphica.com\/staging\/wp-content\/uploads\/2025\/02\/samsung-seeklogo-1536x237.png 1536w, https:\/\/bitgraphica.com\/staging\/wp-content\/uploads\/2025\/02\/elementor\/thumbs\/samsung-seeklogo-r13d0uxknqlyi0y7m25klj7r2v2zjfcudkmahgp936.png 290w, https:\/\/bitgraphica.com\/staging\/wp-content\/uploads\/2025\/02\/samsung-seeklogo.png 2000w\" sizes=\"(max-width: 800px) 100vw, 800px\" \/>\t\t\t\t\t\t\t\t\t\t\t\t\t\t\t<\/div>\n\t\t\t\t<\/div>\n\t\t\t\t<div class=\"elementor-element elementor-element-a687b1d elementor-widget elementor-widget-image\" data-id=\"a687b1d\" data-element_type=\"widget\" data-widget_type=\"image.default\">\n\t\t\t\t<div class=\"elementor-widget-container\">\n\t\t\t\t\t\t\t\t\t\t\t\t\t\t\t<img loading=\"lazy\" decoding=\"async\" width=\"713\" height=\"265\" src=\"https:\/\/bitgraphica.com\/staging\/wp-content\/uploads\/2025\/02\/brother@4x.png\" class=\"attachment-large size-large wp-image-446\" alt=\"\" srcset=\"https:\/\/bitgraphica.com\/staging\/wp-content\/uploads\/2025\/02\/brother@4x.png 713w, https:\/\/bitgraphica.com\/staging\/wp-content\/uploads\/2025\/02\/brother@4x-300x112.png 300w\" sizes=\"(max-width: 713px) 100vw, 713px\" \/>\t\t\t\t\t\t\t\t\t\t\t\t\t\t\t<\/div>\n\t\t\t\t<\/div>\n\t\t\t\t<div class=\"elementor-element elementor-element-6178912 elementor-widget elementor-widget-image\" data-id=\"6178912\" data-element_type=\"widget\" data-widget_type=\"image.default\">\n\t\t\t\t<div class=\"elementor-widget-container\">\n\t\t\t\t\t\t\t\t\t\t\t\t\t\t\t<img loading=\"lazy\" decoding=\"async\" width=\"800\" height=\"166\" src=\"https:\/\/bitgraphica.com\/staging\/wp-content\/uploads\/2025\/02\/lexmark-seeklogo-1024x212.png\" class=\"attachment-large size-large wp-image-430\" alt=\"\" srcset=\"https:\/\/bitgraphica.com\/staging\/wp-content\/uploads\/2025\/02\/lexmark-seeklogo-1024x212.png 1024w, https:\/\/bitgraphica.com\/staging\/wp-content\/uploads\/2025\/02\/lexmark-seeklogo-300x62.png 300w, https:\/\/bitgraphica.com\/staging\/wp-content\/uploads\/2025\/02\/lexmark-seeklogo-768x159.png 768w, https:\/\/bitgraphica.com\/staging\/wp-content\/uploads\/2025\/02\/lexmark-seeklogo-1536x318.png 1536w, https:\/\/bitgraphica.com\/staging\/wp-content\/uploads\/2025\/02\/lexmark-seeklogo.png 2000w\" sizes=\"(max-width: 800px) 100vw, 800px\" \/>\t\t\t\t\t\t\t\t\t\t\t\t\t\t\t<\/div>\n\t\t\t\t<\/div>\n\t\t\t\t<div class=\"elementor-element elementor-element-b53c0f2 elementor-widget elementor-widget-image\" data-id=\"b53c0f2\" data-element_type=\"widget\" data-widget_type=\"image.default\">\n\t\t\t\t<div class=\"elementor-widget-container\">\n\t\t\t\t\t\t\t\t\t\t\t\t\t\t\t<img loading=\"lazy\" decoding=\"async\" width=\"506\" height=\"143\" src=\"https:\/\/bitgraphica.com\/staging\/wp-content\/uploads\/2025\/02\/Recurso-1@4x.png\" class=\"attachment-large size-large wp-image-607\" alt=\"\" srcset=\"https:\/\/bitgraphica.com\/staging\/wp-content\/uploads\/2025\/02\/Recurso-1@4x.png 506w, https:\/\/bitgraphica.com\/staging\/wp-content\/uploads\/2025\/02\/Recurso-1@4x-300x85.png 300w\" sizes=\"(max-width: 506px) 100vw, 506px\" \/>\t\t\t\t\t\t\t\t\t\t\t\t\t\t\t<\/div>\n\t\t\t\t<\/div>\n\t\t\t\t<div class=\"elementor-element elementor-element-a362f6a elementor-widget elementor-widget-image\" data-id=\"a362f6a\" data-element_type=\"widget\" data-widget_type=\"image.default\">\n\t\t\t\t<div class=\"elementor-widget-container\">\n\t\t\t\t\t\t\t\t\t\t\t\t\t\t\t<img loading=\"lazy\" decoding=\"async\" width=\"800\" height=\"145\" src=\"https:\/\/bitgraphica.com\/staging\/wp-content\/uploads\/2025\/02\/ricoh-seeklogo-1024x185.png\" class=\"attachment-large size-large wp-image-604\" alt=\"\" srcset=\"https:\/\/bitgraphica.com\/staging\/wp-content\/uploads\/2025\/02\/ricoh-seeklogo-1024x185.png 1024w, https:\/\/bitgraphica.com\/staging\/wp-content\/uploads\/2025\/02\/ricoh-seeklogo-300x54.png 300w, https:\/\/bitgraphica.com\/staging\/wp-content\/uploads\/2025\/02\/ricoh-seeklogo-768x139.png 768w, https:\/\/bitgraphica.com\/staging\/wp-content\/uploads\/2025\/02\/ricoh-seeklogo-1536x278.png 1536w, https:\/\/bitgraphica.com\/staging\/wp-content\/uploads\/2025\/02\/ricoh-seeklogo.png 2000w\" sizes=\"(max-width: 800px) 100vw, 800px\" \/>\t\t\t\t\t\t\t\t\t\t\t\t\t\t\t<\/div>\n\t\t\t\t<\/div>\n\t\t\t\t<div class=\"elementor-element elementor-element-8cd8090 elementor-widget elementor-widget-image\" data-id=\"8cd8090\" data-element_type=\"widget\" data-widget_type=\"image.default\">\n\t\t\t\t<div class=\"elementor-widget-container\">\n\t\t\t\t\t\t\t\t\t\t\t\t\t\t\t<img loading=\"lazy\" decoding=\"async\" width=\"300\" height=\"62\" src=\"https:\/\/bitgraphica.com\/staging\/wp-content\/uploads\/2025\/03\/canon-logo.jpg\" class=\"attachment-large size-large wp-image-848\" alt=\"\" \/>\t\t\t\t\t\t\t\t\t\t\t\t\t\t\t<\/div>\n\t\t\t\t<\/div>\n\t\t\t\t\t<\/div>\n\t\t\t\t<\/div>\n\t\t<div class=\"elementor-element elementor-element-f575f3e e-flex e-con-boxed e-con e-parent\" data-id=\"f575f3e\" data-element_type=\"container\">\n\t\t\t\t\t<div class=\"e-con-inner\">\n\t\t\t\t<div class=\"elementor-element elementor-element-88d210f elementor-widget elementor-widget-spacer\" data-id=\"88d210f\" data-element_type=\"widget\" data-widget_type=\"spacer.default\">\n\t\t\t\t<div class=\"elementor-widget-container\">\n\t\t\t\t\t\t\t<div class=\"elementor-spacer\">\n\t\t\t<div class=\"elementor-spacer-inner\"><\/div>\n\t\t<\/div>\n\t\t\t\t\t\t<\/div>\n\t\t\t\t<\/div>\n\t\t\t\t\t<\/div>\n\t\t\t\t<\/div>\n\t\t<div class=\"elementor-element elementor-element-a1e64b e-flex e-con-boxed e-con e-parent\" data-id=\"a1e64b\" data-element_type=\"container\" data-settings=\"{&quot;background_background&quot;:&quot;classic&quot;}\">\n\t\t\t\t\t<div class=\"e-con-inner\">\n\t\t\t\t<div class=\"elementor-element elementor-element-52af5836 elementor-widget elementor-widget-heading\" data-id=\"52af5836\" data-element_type=\"widget\" data-widget_type=\"heading.default\">\n\t\t\t\t<div class=\"elementor-widget-container\">\n\t\t\t\t\t<h2 class=\"elementor-heading-title elementor-size-default\">Si desea obtener m\u00e1s informaci\u00f3n de nuestros productos y servicios puede ponerse en contacto a trav\u00e9s de nuestro WhatsApp<\/h2>\t\t\t\t<\/div>\n\t\t\t\t<\/div>\n\t\t\t\t<div class=\"elementor-element elementor-element-5dce1cb1 elementor-position-right elementor-view-default elementor-mobile-position-top elementor-vertical-align-top elementor-widget elementor-widget-icon-box\" data-id=\"5dce1cb1\" data-element_type=\"widget\" data-widget_type=\"icon-box.default\">\n\t\t\t\t<div class=\"elementor-widget-container\">\n\t\t\t\t\t\t\t<div class=\"elementor-icon-box-wrapper\">\n\n\t\t\t\t\t\t<div class=\"elementor-icon-box-icon\">\n\t\t\t\t<span  class=\"elementor-icon elementor-animation-grow\">\n\t\t\t\t<svg aria-hidden=\"true\" class=\"e-font-icon-svg e-fab-whatsapp\" viewBox=\"0 0 448 512\" xmlns=\"http:\/\/www.w3.org\/2000\/svg\"><path d=\"M380.9 97.1C339 55.1 283.2 32 223.9 32c-122.4 0-222 99.6-222 222 0 39.1 10.2 77.3 29.6 111L0 480l117.7-30.9c32.4 17.7 68.9 27 106.1 27h.1c122.3 0 224.1-99.6 224.1-222 0-59.3-25.2-115-67.1-157zm-157 341.6c-33.2 0-65.7-8.9-94-25.7l-6.7-4-69.8 18.3L72 359.2l-4.4-7c-18.5-29.4-28.2-63.3-28.2-98.2 0-101.7 82.8-184.5 184.6-184.5 49.3 0 95.6 19.2 130.4 54.1 34.8 34.9 56.2 81.2 56.1 130.5 0 101.8-84.9 184.6-186.6 184.6zm101.2-138.2c-5.5-2.8-32.8-16.2-37.9-18-5.1-1.9-8.8-2.8-12.5 2.8-3.7 5.6-14.3 18-17.6 21.8-3.2 3.7-6.5 4.2-12 1.4-32.6-16.3-54-29.1-75.5-66-5.7-9.8 5.7-9.1 16.3-30.3 1.8-3.7.9-6.9-.5-9.7-1.4-2.8-12.5-30.1-17.1-41.2-4.5-10.8-9.1-9.3-12.5-9.5-3.2-.2-6.9-.2-10.6-.2-3.7 0-9.7 1.4-14.8 6.9-5.1 5.6-19.4 19-19.4 46.3 0 27.3 19.9 53.7 22.6 57.4 2.8 3.7 39.1 59.7 94.8 83.8 35.2 15.2 49 16.5 66.6 13.9 10.7-1.6 32.8-13.4 37.4-26.4 4.6-13 4.6-24.1 3.2-26.4-1.3-2.5-5-3.9-10.5-6.6z\"><\/path><\/svg>\t\t\t\t<\/span>\n\t\t\t<\/div>\n\t\t\t\n\t\t\t\t\t\t<div class=\"elementor-icon-box-content\">\n\n\t\t\t\t\t\t\t\t\t<h3 class=\"elementor-icon-box-title\">\n\t\t\t\t\t\t<span  >\n\t\t\t\t\t\t\t+52 55 8011 2418\t\t\t\t\t\t<\/span>\n\t\t\t\t\t<\/h3>\n\t\t\t\t\n\t\t\t\t\t\t\t\t\t<p class=\"elementor-icon-box-description\">\n\t\t\t\t\t\tventas@bitgraphica.com\t\t\t\t\t<\/p>\n\t\t\t\t\n\t\t\t<\/div>\n\t\t\t\n\t\t<\/div>\n\t\t\t\t\t\t<\/div>\n\t\t\t\t<\/div>\n\t\t\t\t\t<\/div>\n\t\t\t\t<\/div>\n\t\t\t\t<\/div>\n\t\t","protected":false},"excerpt":{"rendered":"<p>Consumibles Originales Tinta y T\u00f3ner Contamos con una variedad de marcas en consumibles para tus equipos. Encuentra los mejores consumibles para tu impresora o plotter Optimiza la calidad y rendimiento de tus impresiones con nuestra amplia gama de cartuchos de tinta, t\u00f3ners y suministros especializados.&nbsp; Contamos con productos originales para asegurar resultados n\u00edtidos, duraderos y [&hellip;]<\/p>\n","protected":false},"author":1,"featured_media":0,"parent":0,"menu_order":0,"comment_status":"closed","ping_status":"closed","template":"","meta":{"footnotes":""},"class_list":["post-125","page","type-page","status-publish","hentry"],"_links":{"self":[{"href":"https:\/\/bitgraphica.com\/index.php\/wp-json\/wp\/v2\/pages\/125","targetHints":{"allow":["GET"]}}],"collection":[{"href":"https:\/\/bitgraphica.com\/index.php\/wp-json\/wp\/v2\/pages"}],"about":[{"href":"https:\/\/bitgraphica.com\/index.php\/wp-json\/wp\/v2\/types\/page"}],"author":[{"embeddable":true,"href":"https:\/\/bitgraphica.com\/index.php\/wp-json\/wp\/v2\/users\/1"}],"replies":[{"embeddable":true,"href":"https:\/\/bitgraphica.com\/index.php\/wp-json\/wp\/v2\/comments?post=125"}],"version-history":[{"count":46,"href":"https:\/\/bitgraphica.com\/index.php\/wp-json\/wp\/v2\/pages\/125\/revisions"}],"predecessor-version":[{"id":861,"href":"https:\/\/bitgraphica.com\/index.php\/wp-json\/wp\/v2\/pages\/125\/revisions\/861"}],"wp:attachment":[{"href":"https:\/\/bitgraphica.com\/index.php\/wp-json\/wp\/v2\/media?parent=125"}],"curies":[{"name":"wp","href":"https:\/\/api.w.org\/{rel}","templated":true}]}}