{"id":120,"date":"2025-01-24T07:44:56","date_gmt":"2025-01-24T07:44:56","guid":{"rendered":"https:\/\/bitgraphica.com\/staging\/?page_id=120"},"modified":"2025-02-15T06:25:26","modified_gmt":"2025-02-15T06:25:26","slug":"impresoras","status":"publish","type":"page","link":"https:\/\/bitgraphica.com\/index.php\/impresoras\/","title":{"rendered":"Impresoras"},"content":{"rendered":"\t\t<div data-elementor-type=\"wp-page\" data-elementor-id=\"120\" class=\"elementor elementor-120\">\n\t\t\t\t<div class=\"elementor-element elementor-element-987e5ec e-flex e-con-boxed e-con e-parent\" data-id=\"987e5ec\" data-element_type=\"container\" data-settings=\"{&quot;background_background&quot;:&quot;classic&quot;}\">\n\t\t\t\t\t<div class=\"e-con-inner\">\n\t\t\t\t<div class=\"elementor-element elementor-element-d874ffd elementor-widget__width-initial elementor-widget elementor-widget-heading\" data-id=\"d874ffd\" data-element_type=\"widget\" data-widget_type=\"heading.default\">\n\t\t\t\t<div class=\"elementor-widget-container\">\n\t\t\t\t\t<h2 class=\"elementor-heading-title elementor-size-default\">Impresoras, Esc\u00e1ners y Multifuncionales HP<\/h2>\t\t\t\t<\/div>\n\t\t\t\t<\/div>\n\t\t\t\t\t<\/div>\n\t\t\t\t<\/div>\n\t\t<div class=\"elementor-element elementor-element-5de4663 e-flex e-con-boxed e-con e-parent\" data-id=\"5de4663\" data-element_type=\"container\">\n\t\t\t\t\t<div class=\"e-con-inner\">\n\t\t\t\t<div class=\"elementor-element elementor-element-bc304a4 elementor-widget elementor-widget-spacer\" data-id=\"bc304a4\" data-element_type=\"widget\" data-widget_type=\"spacer.default\">\n\t\t\t\t<div class=\"elementor-widget-container\">\n\t\t\t\t\t\t\t<div class=\"elementor-spacer\">\n\t\t\t<div class=\"elementor-spacer-inner\"><\/div>\n\t\t<\/div>\n\t\t\t\t\t\t<\/div>\n\t\t\t\t<\/div>\n\t\t\t\t<div class=\"elementor-element elementor-element-0b56369 elementor-widget elementor-widget-image\" data-id=\"0b56369\" data-element_type=\"widget\" data-widget_type=\"image.default\">\n\t\t\t\t<div class=\"elementor-widget-container\">\n\t\t\t\t\t\t\t\t\t\t\t\t\t\t\t<img decoding=\"async\" width=\"150\" height=\"150\" src=\"https:\/\/bitgraphica.com\/staging\/wp-content\/uploads\/2025\/02\/hp-seeklogo-150x150.png\" class=\"attachment-thumbnail size-thumbnail wp-image-418\" alt=\"\" srcset=\"https:\/\/bitgraphica.com\/staging\/wp-content\/uploads\/2025\/02\/elementor\/thumbs\/hp-seeklogo-r13c9hunzyvue4rdc4wfyc7i0p9bylkjenyvw9leu4.png 150w, https:\/\/bitgraphica.com\/staging\/wp-content\/uploads\/2025\/02\/hp-seeklogo-300x300.png 300w, https:\/\/bitgraphica.com\/staging\/wp-content\/uploads\/2025\/02\/hp-seeklogo-1024x1024.png 1024w, https:\/\/bitgraphica.com\/staging\/wp-content\/uploads\/2025\/02\/hp-seeklogo-768x768.png 768w, https:\/\/bitgraphica.com\/staging\/wp-content\/uploads\/2025\/02\/hp-seeklogo-1536x1536.png 1536w, https:\/\/bitgraphica.com\/staging\/wp-content\/uploads\/2025\/02\/elementor\/thumbs\/hp-seeklogo-r13c9huolwa274u8jlc10dmojdd5ah6eck9gyyu0uo.png 200w, https:\/\/bitgraphica.com\/staging\/wp-content\/uploads\/2025\/02\/elementor\/thumbs\/hp-seeklogo-r13c9hune1hml4oi4oguwasbi15impyogroatkcstk.png 100w, https:\/\/bitgraphica.com\/staging\/wp-content\/uploads\/2025\/02\/elementor\/thumbs\/hp-seeklogo-r13c9hunmt8wwqb90gn3bijzphzud2ltn4lc1ug8ts.png 120w, https:\/\/bitgraphica.com\/staging\/wp-content\/uploads\/2025\/02\/hp-seeklogo.png 2000w\" sizes=\"(max-width: 150px) 100vw, 150px\" \/>\t\t\t\t\t\t\t\t\t\t\t\t\t\t\t<\/div>\n\t\t\t\t<\/div>\n\t\t\t\t<div class=\"elementor-element elementor-element-c58e200 elementor-widget elementor-widget-heading\" data-id=\"c58e200\" data-element_type=\"widget\" data-widget_type=\"heading.default\">\n\t\t\t\t<div class=\"elementor-widget-container\">\n\t\t\t\t\t<h2 class=\"elementor-heading-title elementor-size-default\">HP cuenta con la impresora ideal para quien trabaja en casa o requiere aumentar la productividad en la oficina.<\/h2>\t\t\t\t<\/div>\n\t\t\t\t<\/div>\n\t\t\t\t<div class=\"elementor-element elementor-element-6901e14 elementor-widget elementor-widget-spacer\" data-id=\"6901e14\" data-element_type=\"widget\" data-widget_type=\"spacer.default\">\n\t\t\t\t<div class=\"elementor-widget-container\">\n\t\t\t\t\t\t\t<div class=\"elementor-spacer\">\n\t\t\t<div class=\"elementor-spacer-inner\"><\/div>\n\t\t<\/div>\n\t\t\t\t\t\t<\/div>\n\t\t\t\t<\/div>\n\t\t\t\t\t<\/div>\n\t\t\t\t<\/div>\n\t\t<div class=\"elementor-element elementor-element-35677fb e-grid e-con-boxed e-con e-parent\" data-id=\"35677fb\" data-element_type=\"container\">\n\t\t\t\t\t<div class=\"e-con-inner\">\n\t\t\t\t<div class=\"elementor-element elementor-element-97b9546 elementor-position-top elementor-widget elementor-widget-image-box\" data-id=\"97b9546\" data-element_type=\"widget\" data-widget_type=\"image-box.default\">\n\t\t\t\t<div class=\"elementor-widget-container\">\n\t\t\t\t\t<div class=\"elementor-image-box-wrapper\"><figure class=\"elementor-image-box-img\"><img fetchpriority=\"high\" decoding=\"async\" width=\"500\" height=\"332\" src=\"https:\/\/bitgraphica.com\/staging\/wp-content\/uploads\/2025\/02\/Impresora-HP-LaserJet-Pro-3003dw.jpg\" class=\"attachment-full size-full wp-image-580\" alt=\"\" srcset=\"https:\/\/bitgraphica.com\/staging\/wp-content\/uploads\/2025\/02\/Impresora-HP-LaserJet-Pro-3003dw.jpg 500w, https:\/\/bitgraphica.com\/staging\/wp-content\/uploads\/2025\/02\/Impresora-HP-LaserJet-Pro-3003dw-300x199.jpg 300w\" sizes=\"(max-width: 500px) 100vw, 500px\" \/><\/figure><div class=\"elementor-image-box-content\"><h3 class=\"elementor-image-box-title\">HP LaserJet Pro 3003 dw<\/h3><\/div><\/div>\t\t\t\t<\/div>\n\t\t\t\t<\/div>\n\t\t\t\t<div class=\"elementor-element elementor-element-085ec32 elementor-position-top elementor-widget elementor-widget-image-box\" data-id=\"085ec32\" data-element_type=\"widget\" data-widget_type=\"image-box.default\">\n\t\t\t\t<div class=\"elementor-widget-container\">\n\t\t\t\t\t<div class=\"elementor-image-box-wrapper\"><figure class=\"elementor-image-box-img\"><img decoding=\"async\" width=\"500\" height=\"332\" src=\"https:\/\/bitgraphica.com\/staging\/wp-content\/uploads\/2025\/02\/HP-Laserjet-Pro-MFP-4101fdw.jpg\" class=\"attachment-full size-full wp-image-579\" alt=\"\" srcset=\"https:\/\/bitgraphica.com\/staging\/wp-content\/uploads\/2025\/02\/HP-Laserjet-Pro-MFP-4101fdw.jpg 500w, https:\/\/bitgraphica.com\/staging\/wp-content\/uploads\/2025\/02\/HP-Laserjet-Pro-MFP-4101fdw-300x199.jpg 300w\" sizes=\"(max-width: 500px) 100vw, 500px\" \/><\/figure><div class=\"elementor-image-box-content\"><h3 class=\"elementor-image-box-title\">HP Laserjet Pro MFP 4101 fdw<\/h3><\/div><\/div>\t\t\t\t<\/div>\n\t\t\t\t<\/div>\n\t\t\t\t<div class=\"elementor-element elementor-element-8973232 elementor-position-top elementor-widget elementor-widget-image-box\" data-id=\"8973232\" data-element_type=\"widget\" data-widget_type=\"image-box.default\">\n\t\t\t\t<div class=\"elementor-widget-container\">\n\t\t\t\t\t<div class=\"elementor-image-box-wrapper\"><figure class=\"elementor-image-box-img\"><img loading=\"lazy\" decoding=\"async\" width=\"500\" height=\"332\" src=\"https:\/\/bitgraphica.com\/staging\/wp-content\/uploads\/2025\/02\/Impresora-multifuncional-HP-DESK-INK-ADVANTAGE-3775.jpg\" class=\"attachment-full size-full wp-image-581\" alt=\"\" srcset=\"https:\/\/bitgraphica.com\/staging\/wp-content\/uploads\/2025\/02\/Impresora-multifuncional-HP-DESK-INK-ADVANTAGE-3775.jpg 500w, https:\/\/bitgraphica.com\/staging\/wp-content\/uploads\/2025\/02\/Impresora-multifuncional-HP-DESK-INK-ADVANTAGE-3775-300x199.jpg 300w\" sizes=\"(max-width: 500px) 100vw, 500px\" \/><\/figure><div class=\"elementor-image-box-content\"><h3 class=\"elementor-image-box-title\">HP DESK INK ADVANTAGE 3775<\/h3><\/div><\/div>\t\t\t\t<\/div>\n\t\t\t\t<\/div>\n\t\t\t\t<div class=\"elementor-element elementor-element-65f26bf elementor-position-top elementor-widget elementor-widget-image-box\" data-id=\"65f26bf\" data-element_type=\"widget\" data-widget_type=\"image-box.default\">\n\t\t\t\t<div class=\"elementor-widget-container\">\n\t\t\t\t\t<div class=\"elementor-image-box-wrapper\"><figure class=\"elementor-image-box-img\"><img loading=\"lazy\" decoding=\"async\" width=\"500\" height=\"332\" src=\"https:\/\/bitgraphica.com\/staging\/wp-content\/uploads\/2025\/02\/HP-OfficeJet-Pro-7740.jpg\" class=\"attachment-full size-full wp-image-578\" alt=\"\" srcset=\"https:\/\/bitgraphica.com\/staging\/wp-content\/uploads\/2025\/02\/HP-OfficeJet-Pro-7740.jpg 500w, https:\/\/bitgraphica.com\/staging\/wp-content\/uploads\/2025\/02\/HP-OfficeJet-Pro-7740-300x199.jpg 300w\" sizes=\"(max-width: 500px) 100vw, 500px\" \/><\/figure><div class=\"elementor-image-box-content\"><h3 class=\"elementor-image-box-title\">HP OfficeJet Pro 7740<\/h3><\/div><\/div>\t\t\t\t<\/div>\n\t\t\t\t<\/div>\n\t\t\t\t<div class=\"elementor-element elementor-element-9072ff4 elementor-position-top elementor-widget elementor-widget-image-box\" data-id=\"9072ff4\" data-element_type=\"widget\" data-widget_type=\"image-box.default\">\n\t\t\t\t<div class=\"elementor-widget-container\">\n\t\t\t\t\t<div class=\"elementor-image-box-wrapper\"><figure class=\"elementor-image-box-img\"><img loading=\"lazy\" decoding=\"async\" width=\"500\" height=\"332\" src=\"https:\/\/bitgraphica.com\/staging\/wp-content\/uploads\/2025\/02\/Hp-Smart-Tank-750-Wi-fi-Smart-App-Duplex-Adf.jpg\" class=\"attachment-full size-full wp-image-615\" alt=\"\" srcset=\"https:\/\/bitgraphica.com\/staging\/wp-content\/uploads\/2025\/02\/Hp-Smart-Tank-750-Wi-fi-Smart-App-Duplex-Adf.jpg 500w, https:\/\/bitgraphica.com\/staging\/wp-content\/uploads\/2025\/02\/Hp-Smart-Tank-750-Wi-fi-Smart-App-Duplex-Adf-300x199.jpg 300w\" sizes=\"(max-width: 500px) 100vw, 500px\" \/><\/figure><div class=\"elementor-image-box-content\"><h3 class=\"elementor-image-box-title\">Hp Smart Tank 750<\/h3><p class=\"elementor-image-box-description\">Wi-fi Smart App Du\u0301plex Adf<\/p><\/div><\/div>\t\t\t\t<\/div>\n\t\t\t\t<\/div>\n\t\t\t\t<div class=\"elementor-element elementor-element-ec9badd elementor-position-top elementor-widget elementor-widget-image-box\" data-id=\"ec9badd\" data-element_type=\"widget\" data-widget_type=\"image-box.default\">\n\t\t\t\t<div class=\"elementor-widget-container\">\n\t\t\t\t\t<div class=\"elementor-image-box-wrapper\"><figure class=\"elementor-image-box-img\"><img loading=\"lazy\" decoding=\"async\" width=\"500\" height=\"332\" src=\"https:\/\/bitgraphica.com\/staging\/wp-content\/uploads\/2025\/02\/Escaner-HP-Scanjet-Pro-3000-s4.jpg\" class=\"attachment-full size-full wp-image-583\" alt=\"\" srcset=\"https:\/\/bitgraphica.com\/staging\/wp-content\/uploads\/2025\/02\/Escaner-HP-Scanjet-Pro-3000-s4.jpg 500w, https:\/\/bitgraphica.com\/staging\/wp-content\/uploads\/2025\/02\/Escaner-HP-Scanjet-Pro-3000-s4-300x199.jpg 300w\" sizes=\"(max-width: 500px) 100vw, 500px\" \/><\/figure><div class=\"elementor-image-box-content\"><h3 class=\"elementor-image-box-title\">HP Scanjet Pro 3000 s4<\/h3><\/div><\/div>\t\t\t\t<\/div>\n\t\t\t\t<\/div>\n\t\t\t\t<div class=\"elementor-element elementor-element-9ee9c9d elementor-position-top elementor-widget elementor-widget-image-box\" data-id=\"9ee9c9d\" data-element_type=\"widget\" data-widget_type=\"image-box.default\">\n\t\t\t\t<div class=\"elementor-widget-container\">\n\t\t\t\t\t<div class=\"elementor-image-box-wrapper\"><figure class=\"elementor-image-box-img\"><img loading=\"lazy\" decoding=\"async\" width=\"500\" height=\"332\" src=\"https:\/\/bitgraphica.com\/staging\/wp-content\/uploads\/2025\/02\/HP-Scanner-Scanjet-Professional-1000.jpg\" class=\"attachment-full size-full wp-image-613\" alt=\"\" srcset=\"https:\/\/bitgraphica.com\/staging\/wp-content\/uploads\/2025\/02\/HP-Scanner-Scanjet-Professional-1000.jpg 500w, https:\/\/bitgraphica.com\/staging\/wp-content\/uploads\/2025\/02\/HP-Scanner-Scanjet-Professional-1000-300x199.jpg 300w\" sizes=\"(max-width: 500px) 100vw, 500px\" \/><\/figure><div class=\"elementor-image-box-content\"><h3 class=\"elementor-image-box-title\">HP Scanner Scanjet Professional 1000<\/h3><\/div><\/div>\t\t\t\t<\/div>\n\t\t\t\t<\/div>\n\t\t\t\t<div class=\"elementor-element elementor-element-1531b3c elementor-position-top elementor-widget elementor-widget-image-box\" data-id=\"1531b3c\" data-element_type=\"widget\" data-widget_type=\"image-box.default\">\n\t\t\t\t<div class=\"elementor-widget-container\">\n\t\t\t\t\t<div class=\"elementor-image-box-wrapper\"><figure class=\"elementor-image-box-img\"><img loading=\"lazy\" decoding=\"async\" width=\"500\" height=\"332\" src=\"https:\/\/bitgraphica.com\/staging\/wp-content\/uploads\/2025\/02\/HP-SCANNER-2200.jpg\" class=\"attachment-full size-full wp-image-584\" alt=\"\" srcset=\"https:\/\/bitgraphica.com\/staging\/wp-content\/uploads\/2025\/02\/HP-SCANNER-2200.jpg 500w, https:\/\/bitgraphica.com\/staging\/wp-content\/uploads\/2025\/02\/HP-SCANNER-2200-300x199.jpg 300w\" sizes=\"(max-width: 500px) 100vw, 500px\" \/><\/figure><div class=\"elementor-image-box-content\"><h3 class=\"elementor-image-box-title\">HP SCANNER 2200<\/h3><\/div><\/div>\t\t\t\t<\/div>\n\t\t\t\t<\/div>\n\t\t\t\t<div class=\"elementor-element elementor-element-84afcba elementor-position-top elementor-widget elementor-widget-image-box\" data-id=\"84afcba\" data-element_type=\"widget\" data-widget_type=\"image-box.default\">\n\t\t\t\t<div class=\"elementor-widget-container\">\n\t\t\t\t\t<div class=\"elementor-image-box-wrapper\"><figure class=\"elementor-image-box-img\"><img loading=\"lazy\" decoding=\"async\" width=\"500\" height=\"332\" src=\"https:\/\/bitgraphica.com\/staging\/wp-content\/uploads\/2025\/02\/HP-ScanJet-Pro-3600-f1.jpg\" class=\"attachment-full size-full wp-image-614\" alt=\"\" srcset=\"https:\/\/bitgraphica.com\/staging\/wp-content\/uploads\/2025\/02\/HP-ScanJet-Pro-3600-f1.jpg 500w, https:\/\/bitgraphica.com\/staging\/wp-content\/uploads\/2025\/02\/HP-ScanJet-Pro-3600-f1-300x199.jpg 300w\" sizes=\"(max-width: 500px) 100vw, 500px\" \/><\/figure><div class=\"elementor-image-box-content\"><h3 class=\"elementor-image-box-title\">HP ScanJet Pro 3600 f1<\/h3><\/div><\/div>\t\t\t\t<\/div>\n\t\t\t\t<\/div>\n\t\t\t\t\t<\/div>\n\t\t\t\t<\/div>\n\t\t<div class=\"elementor-element elementor-element-b1e5b85 e-flex e-con-boxed e-con e-parent\" data-id=\"b1e5b85\" data-element_type=\"container\">\n\t\t\t\t\t<div class=\"e-con-inner\">\n\t\t\t\t<div class=\"elementor-element elementor-element-091513b elementor-widget elementor-widget-spacer\" data-id=\"091513b\" data-element_type=\"widget\" data-widget_type=\"spacer.default\">\n\t\t\t\t<div class=\"elementor-widget-container\">\n\t\t\t\t\t\t\t<div class=\"elementor-spacer\">\n\t\t\t<div class=\"elementor-spacer-inner\"><\/div>\n\t\t<\/div>\n\t\t\t\t\t\t<\/div>\n\t\t\t\t<\/div>\n\t\t\t\t\t<\/div>\n\t\t\t\t<\/div>\n\t\t<div class=\"elementor-element elementor-element-1811fa27 e-flex e-con-boxed e-con e-parent\" data-id=\"1811fa27\" data-element_type=\"container\" data-settings=\"{&quot;background_background&quot;:&quot;classic&quot;}\">\n\t\t\t\t\t<div class=\"e-con-inner\">\n\t\t\t\t<div class=\"elementor-element elementor-element-7d67601 elementor-widget elementor-widget-heading\" data-id=\"7d67601\" data-element_type=\"widget\" data-widget_type=\"heading.default\">\n\t\t\t\t<div class=\"elementor-widget-container\">\n\t\t\t\t\t<h2 class=\"elementor-heading-title elementor-size-default\">Si desea obtener m\u00e1s informaci\u00f3n de nuestros productos y servicios puede ponerse en contacto a trav\u00e9s de nuestro WhatsApp<\/h2>\t\t\t\t<\/div>\n\t\t\t\t<\/div>\n\t\t\t\t<div class=\"elementor-element elementor-element-672049bb elementor-position-right elementor-view-default elementor-mobile-position-top elementor-vertical-align-top elementor-widget elementor-widget-icon-box\" data-id=\"672049bb\" data-element_type=\"widget\" data-widget_type=\"icon-box.default\">\n\t\t\t\t<div class=\"elementor-widget-container\">\n\t\t\t\t\t\t\t<div class=\"elementor-icon-box-wrapper\">\n\n\t\t\t\t\t\t<div class=\"elementor-icon-box-icon\">\n\t\t\t\t<span  class=\"elementor-icon elementor-animation-grow\">\n\t\t\t\t<svg aria-hidden=\"true\" class=\"e-font-icon-svg e-fab-whatsapp\" viewBox=\"0 0 448 512\" xmlns=\"http:\/\/www.w3.org\/2000\/svg\"><path d=\"M380.9 97.1C339 55.1 283.2 32 223.9 32c-122.4 0-222 99.6-222 222 0 39.1 10.2 77.3 29.6 111L0 480l117.7-30.9c32.4 17.7 68.9 27 106.1 27h.1c122.3 0 224.1-99.6 224.1-222 0-59.3-25.2-115-67.1-157zm-157 341.6c-33.2 0-65.7-8.9-94-25.7l-6.7-4-69.8 18.3L72 359.2l-4.4-7c-18.5-29.4-28.2-63.3-28.2-98.2 0-101.7 82.8-184.5 184.6-184.5 49.3 0 95.6 19.2 130.4 54.1 34.8 34.9 56.2 81.2 56.1 130.5 0 101.8-84.9 184.6-186.6 184.6zm101.2-138.2c-5.5-2.8-32.8-16.2-37.9-18-5.1-1.9-8.8-2.8-12.5 2.8-3.7 5.6-14.3 18-17.6 21.8-3.2 3.7-6.5 4.2-12 1.4-32.6-16.3-54-29.1-75.5-66-5.7-9.8 5.7-9.1 16.3-30.3 1.8-3.7.9-6.9-.5-9.7-1.4-2.8-12.5-30.1-17.1-41.2-4.5-10.8-9.1-9.3-12.5-9.5-3.2-.2-6.9-.2-10.6-.2-3.7 0-9.7 1.4-14.8 6.9-5.1 5.6-19.4 19-19.4 46.3 0 27.3 19.9 53.7 22.6 57.4 2.8 3.7 39.1 59.7 94.8 83.8 35.2 15.2 49 16.5 66.6 13.9 10.7-1.6 32.8-13.4 37.4-26.4 4.6-13 4.6-24.1 3.2-26.4-1.3-2.5-5-3.9-10.5-6.6z\"><\/path><\/svg>\t\t\t\t<\/span>\n\t\t\t<\/div>\n\t\t\t\n\t\t\t\t\t\t<div class=\"elementor-icon-box-content\">\n\n\t\t\t\t\t\t\t\t\t<h3 class=\"elementor-icon-box-title\">\n\t\t\t\t\t\t<span  >\n\t\t\t\t\t\t\t+52 55 8011 2418\t\t\t\t\t\t<\/span>\n\t\t\t\t\t<\/h3>\n\t\t\t\t\n\t\t\t\t\t\t\t\t\t<p class=\"elementor-icon-box-description\">\n\t\t\t\t\t\tventas@bitgraphica.com\t\t\t\t\t<\/p>\n\t\t\t\t\n\t\t\t<\/div>\n\t\t\t\n\t\t<\/div>\n\t\t\t\t\t\t<\/div>\n\t\t\t\t<\/div>\n\t\t\t\t\t<\/div>\n\t\t\t\t<\/div>\n\t\t\t\t<\/div>\n\t\t","protected":false},"excerpt":{"rendered":"<p>Impresoras, Esc\u00e1ners y Multifuncionales HP HP cuenta con la impresora ideal para quien trabaja en casa o requiere aumentar la productividad en la oficina. HP LaserJet Pro 3003 dw HP Laserjet Pro MFP 4101 fdw HP DESK INK ADVANTAGE 3775 HP OfficeJet Pro 7740 Hp Smart Tank 750 Wi-fi Smart App Du\u0301plex Adf HP Scanjet [&hellip;]<\/p>\n","protected":false},"author":1,"featured_media":0,"parent":0,"menu_order":0,"comment_status":"closed","ping_status":"closed","template":"","meta":{"footnotes":""},"class_list":["post-120","page","type-page","status-publish","hentry"],"_links":{"self":[{"href":"https:\/\/bitgraphica.com\/index.php\/wp-json\/wp\/v2\/pages\/120","targetHints":{"allow":["GET"]}}],"collection":[{"href":"https:\/\/bitgraphica.com\/index.php\/wp-json\/wp\/v2\/pages"}],"about":[{"href":"https:\/\/bitgraphica.com\/index.php\/wp-json\/wp\/v2\/types\/page"}],"author":[{"embeddable":true,"href":"https:\/\/bitgraphica.com\/index.php\/wp-json\/wp\/v2\/users\/1"}],"replies":[{"embeddable":true,"href":"https:\/\/bitgraphica.com\/index.php\/wp-json\/wp\/v2\/comments?post=120"}],"version-history":[{"count":43,"href":"https:\/\/bitgraphica.com\/index.php\/wp-json\/wp\/v2\/pages\/120\/revisions"}],"predecessor-version":[{"id":633,"href":"https:\/\/bitgraphica.com\/index.php\/wp-json\/wp\/v2\/pages\/120\/revisions\/633"}],"wp:attachment":[{"href":"https:\/\/bitgraphica.com\/index.php\/wp-json\/wp\/v2\/media?parent=120"}],"curies":[{"name":"wp","href":"https:\/\/api.w.org\/{rel}","templated":true}]}}